{"id":2,"date":"2025-04-18T09:51:34","date_gmt":"2025-04-18T07:51:34","guid":{"rendered":"http:\/\/192.168.1.97\/wordpress\/?page_id=2"},"modified":"2025-04-20T13:09:53","modified_gmt":"2025-04-20T11:09:53","slug":"page-d-exemple","status":"publish","type":"page","link":"https:\/\/www.happyterre.fr\/?page_id=2","title":{"rendered":"L&rsquo;association Happy terre"},"content":{"rendered":"\n<p>Volkrange-Thionville, d\u00e9couvrez la qui\u00e9tude en laissant libre cours \u00e0 vos talents cr\u00e9ateurs sur des th\u00e9matiques, pour vous reconnecter \u00e0 votre Int\u00e9rieur, embellir&nbsp; votre demeure et offrir des pr\u00e9sents fait main \u00e0 celles &amp; ceux chers \u00e0 votre c\u0153ur.<\/p>\n\n\n\n<blockquote class=\"wp-block-quote\">\n<p>\u00ab\u00a0Votre refuge de bien-\u00eatre, en lisi\u00e8re de for\u00eat. D\u00e9tendez-vous, ressourcez-vous, revivez au rythme des saisons et en harmonie avec la Nature\u00a0\u00bb<\/p>\n<\/blockquote>\n\n\n\n<h2 class=\"wp-block-heading\"><strong>Atelier&nbsp; enfant\/ado<\/strong><\/h2>\n\n\n\n<div class=\"is-layout-flex wp-container-3 wp-block-columns\">\n<div class=\"is-layout-flow wp-block-column\">\n<figure class=\"wp-block-image size-large is-resized\"><img decoding=\"async\" loading=\"lazy\" width=\"1024\" height=\"545\" src=\"https:\/\/www.happyterre.fr\/wp-content\/uploads\/2025\/04\/cropped-Snapseed_45-scaled-1-1024x545.jpeg\" alt=\"\" class=\"wp-image-137\" style=\"width:320px;height:170px\" srcset=\"https:\/\/www.happyterre.fr\/wp-content\/uploads\/2025\/04\/cropped-Snapseed_45-scaled-1-1024x545.jpeg 1024w, https:\/\/www.happyterre.fr\/wp-content\/uploads\/2025\/04\/cropped-Snapseed_45-scaled-1-300x160.jpeg 300w, https:\/\/www.happyterre.fr\/wp-content\/uploads\/2025\/04\/cropped-Snapseed_45-scaled-1-768x409.jpeg 768w, https:\/\/www.happyterre.fr\/wp-content\/uploads\/2025\/04\/cropped-Snapseed_45-scaled-1-1536x818.jpeg 1536w, https:\/\/www.happyterre.fr\/wp-content\/uploads\/2025\/04\/cropped-Snapseed_45-scaled-1.jpeg 2000w\" sizes=\"(max-width: 706px) 89vw, (max-width: 767px) 82vw, 740px\" \/><\/figure>\n<\/div>\n\n\n\n<div class=\"is-layout-flow wp-block-column\">\n<p>2 heures de parenth\u00e8se hors du temps et sans \u00e9cran afin de s\u2019int\u00e9rioriser, cr\u00e9er, modeler, imprimer la Nature, pr\u00e9parer les d\u00e9corations des saisons et de leurs f\u00eates.<\/p>\n\n\n\n<p>30\u20ac par enfant.<\/p>\n\n\n\n<p>Possibilit\u00e9 de stage \u00e0 la demi journ\u00e9e durant les vacances scolaires, et animation anniversaire sur devis.<\/p>\n<\/div>\n<\/div>\n\n\n\n<h2 class=\"wp-block-heading\"><strong>Atelier enfant\/parent<\/strong><\/h2>\n\n\n\n<div class=\"is-layout-flex wp-container-6 wp-block-columns\">\n<div class=\"is-layout-flow wp-block-column\">\n<figure class=\"wp-block-image size-large\"><img decoding=\"async\" loading=\"lazy\" width=\"1024\" height=\"524\" src=\"https:\/\/www.happyterre.fr\/wp-content\/uploads\/2025\/04\/FullSizeRender_10-1024x524.jpg\" alt=\"\" class=\"wp-image-13\" srcset=\"https:\/\/www.happyterre.fr\/wp-content\/uploads\/2025\/04\/FullSizeRender_10-1024x524.jpg 1024w, https:\/\/www.happyterre.fr\/wp-content\/uploads\/2025\/04\/FullSizeRender_10-300x154.jpg 300w, https:\/\/www.happyterre.fr\/wp-content\/uploads\/2025\/04\/FullSizeRender_10-768x393.jpg 768w, https:\/\/www.happyterre.fr\/wp-content\/uploads\/2025\/04\/FullSizeRender_10-1536x787.jpg 1536w, https:\/\/www.happyterre.fr\/wp-content\/uploads\/2025\/04\/FullSizeRender_10-2048x1049.jpg 2048w\" sizes=\"(max-width: 706px) 89vw, (max-width: 767px) 82vw, 740px\" \/><\/figure>\n<\/div>\n\n\n\n<div class=\"is-layout-flow wp-block-column\">\n<p>2h pour votre enfant et vous. Une pause hors du temps, cr\u00e9ative, au contact de la Nature, hors des contraintes ext\u00e9rieures pour un retour aux sources et nourrir vos liens familiaux.<\/p>\n\n\n\n<p>50\u20ac le duo, 25\u20ac par membre suppl\u00e9mentaire.<\/p>\n<\/div>\n<\/div>\n\n\n\n<h2 class=\"wp-block-heading\">Atelier adulte<\/h2>\n\n\n\n<div class=\"is-layout-flex wp-container-9 wp-block-columns\">\n<div class=\"is-layout-flow wp-block-column\">\n<figure class=\"wp-block-image size-large\"><img decoding=\"async\" loading=\"lazy\" width=\"576\" height=\"1024\" src=\"https:\/\/www.happyterre.fr\/wp-content\/uploads\/2025\/04\/4f721fb3-d85c-47da-b7ed-8467a2356354-1-576x1024.jpg\" class=\"wp-image-159\" srcset=\"https:\/\/www.happyterre.fr\/wp-content\/uploads\/2025\/04\/4f721fb3-d85c-47da-b7ed-8467a2356354-1-576x1024.jpg 576w, https:\/\/www.happyterre.fr\/wp-content\/uploads\/2025\/04\/4f721fb3-d85c-47da-b7ed-8467a2356354-1-169x300.jpg 169w, https:\/\/www.happyterre.fr\/wp-content\/uploads\/2025\/04\/4f721fb3-d85c-47da-b7ed-8467a2356354-1-768x1365.jpg 768w, https:\/\/www.happyterre.fr\/wp-content\/uploads\/2025\/04\/4f721fb3-d85c-47da-b7ed-8467a2356354-1-864x1536.jpg 864w, https:\/\/www.happyterre.fr\/wp-content\/uploads\/2025\/04\/4f721fb3-d85c-47da-b7ed-8467a2356354-1.jpg 1125w\" sizes=\"(max-width: 576px) 100vw, 576px\" \/><\/figure>\n<\/div>\n\n\n\n<div class=\"is-layout-flow wp-block-column\">\n<p>2h pour vous, afin de l\u00e2cher prise et laisser libre cours \u00e0 votre cr\u00e9ativit\u00e9.<\/p>\n\n\n\n<p>35 \u20ac par adulte<\/p>\n<\/div>\n<\/div>\n\n\n\n<p>sont inclus : les consommables : argile, gres, engobe, \u00e9maux et leur pose, le petit mat\u00e9riel et les deux cuissons \u00e0 1000 degr\u00e9s et +, ou raku ainsi qu\u2019une boisson adapt\u00e9e aux saisons.<\/p>\n","protected":false},"excerpt":{"rendered":"<p>Volkrange-Thionville, d\u00e9couvrez la qui\u00e9tude en laissant libre cours \u00e0 vos talents cr\u00e9ateurs sur des th\u00e9matiques, pour vous reconnecter \u00e0 votre Int\u00e9rieur, embellir&nbsp; votre demeure et offrir des pr\u00e9sents fait main \u00e0 celles &amp; ceux chers \u00e0 votre c\u0153ur. \u00ab\u00a0Votre refuge de bien-\u00eatre, en lisi\u00e8re de for\u00eat. D\u00e9tendez-vous, ressourcez-vous, revivez au rythme des saisons et en &hellip; <\/p>\n<p class=\"link-more\"><a href=\"https:\/\/www.happyterre.fr\/?page_id=2\" class=\"more-link\">Continuer la lecture<span class=\"screen-reader-text\"> de &laquo;&nbsp;L&rsquo;association Happy terre&nbsp;&raquo;<\/span><\/a><\/p>\n","protected":false},"author":1,"featured_media":0,"parent":0,"menu_order":0,"comment_status":"closed","ping_status":"open","template":"","meta":[],"_links":{"self":[{"href":"https:\/\/www.happyterre.fr\/index.php?rest_route=\/wp\/v2\/pages\/2"}],"collection":[{"href":"https:\/\/www.happyterre.fr\/index.php?rest_route=\/wp\/v2\/pages"}],"about":[{"href":"https:\/\/www.happyterre.fr\/index.php?rest_route=\/wp\/v2\/types\/page"}],"author":[{"embeddable":true,"href":"https:\/\/www.happyterre.fr\/index.php?rest_route=\/wp\/v2\/users\/1"}],"replies":[{"embeddable":true,"href":"https:\/\/www.happyterre.fr\/index.php?rest_route=%2Fwp%2Fv2%2Fcomments&post=2"}],"version-history":[{"count":7,"href":"https:\/\/www.happyterre.fr\/index.php?rest_route=\/wp\/v2\/pages\/2\/revisions"}],"predecessor-version":[{"id":160,"href":"https:\/\/www.happyterre.fr\/index.php?rest_route=\/wp\/v2\/pages\/2\/revisions\/160"}],"wp:attachment":[{"href":"https:\/\/www.happyterre.fr\/index.php?rest_route=%2Fwp%2Fv2%2Fmedia&parent=2"}],"curies":[{"name":"wp","href":"https:\/\/api.w.org\/{rel}","templated":true}]}}